{"id":1527,"date":"2024-10-22T03:01:03","date_gmt":"2024-10-22T03:01:03","guid":{"rendered":"https:\/\/cetesol.org\/?page_id=1527"},"modified":"2024-10-22T03:18:22","modified_gmt":"2024-10-22T03:18:22","slug":"accesibilidad","status":"publish","type":"page","link":"https:\/\/cetesol.org\/en\/accesibilidad\/","title":{"rendered":"Accesibilidad"},"content":{"rendered":"<div data-elementor-type=\"wp-page\" data-elementor-id=\"1527\" class=\"elementor elementor-1527\" data-elementor-post-type=\"page\">\n\t\t\t\t<div class=\"elementor-element elementor-element-2e20199 e-flex e-con-boxed e-con e-parent\" data-id=\"2e20199\" data-element_type=\"container\">\n\t\t\t\t\t<div class=\"e-con-inner\">\n\t\t\t\t<div class=\"elementor-element elementor-element-c57ce90 elementor-widget elementor-widget-text-editor\" data-id=\"c57ce90\" data-element_type=\"widget\" data-widget_type=\"text-editor.default\">\n\t\t\t\t<div class=\"elementor-widget-container\">\n\t\t\t\t\t\t\t<p><b>DECLARACI\u00d3N DE ACCESIBILIDAD<\/b><\/p>\n<p><b>CET Services<\/b>&nbsp;<b>&nbsp;CIF\/ NIF:&nbsp;<\/b><span id=\"docs-internal-guid-9159bda0-7fff-692d-6d5a-926b5766b6d1\"><span style=\"font-size: 12pt; font-family: &quot;Times New Roman&quot;, serif; color: rgb(27, 27, 27); background-color: transparent; font-weight: 700; font-variant-numeric: normal; font-variant-east-asian: normal; font-variant-alternates: normal; font-variant-position: normal; vertical-align: baseline; white-space-collapse: preserve;\">78489749H<\/span><\/span>, domicilio social en&nbsp;Domicilio social:&nbsp;<span id=\"docs-internal-guid-e253922c-7fff-9ab9-bbdd-ee9c9f3305fd\"><span style=\"font-size: 12pt; font-family: &quot;Times New Roman&quot;, serif; color: rgb(27, 27, 27); background-color: transparent; font-weight: 700; font-variant-numeric: normal; font-variant-east-asian: normal; font-variant-alternates: normal; font-variant-position: normal; vertical-align: baseline; white-space-collapse: preserve;\">Apdo de Correos 10012<\/span><span style=\"font-size: 12pt; font-family: Roboto, sans-serif; color: rgb(119, 119, 119); background-color: transparent; font-variant-numeric: normal; font-variant-east-asian: normal; font-variant-alternates: normal; font-variant-position: normal; vertical-align: baseline; white-space-collapse: preserve;\">,<\/span><\/span>&nbsp;Las Palmas, Espa\u00f1a&nbsp;se ha&nbsp;comprometido a hacer accesible su sitio web, de conformidad con el&nbsp;<a href=\"https:\/\/www.boe.es\/diario_boe\/txt.php?id=BOE-A-2018-12699\">Real Decreto 1112\/2018, de 7 de septiembre, sobre accesibilidad de los sitios web y aplicaciones para dispositivos m\u00f3viles del sector p\u00fablico<\/a>.&nbsp;<\/p>\n<p>La presente declaraci\u00f3n de accesibilidad se aplica a&nbsp;&nbsp;<b>info@cetservices.org<\/b><\/p>\n<p><\/p>\n<p><b>SITUACI\u00d3N DEL CUMPLIMIENTO<\/b><\/p>\n<p>Este sitio web es&nbsp;<b>plenamente conforme<\/b>&nbsp;con el RD 1112\/2018.<\/p>\n<p><\/p>\n<p><b>CONTENIDO NO ACCESIBLE<\/b><\/p>\n<p>Todo el contenido es accesible.<\/p>\n<p><\/p>\n<p><b>PREPARACI\u00d3N DE LA PRESENTE DECLARACI\u00d3N DE ACCESIBILIDAD<\/b><\/p>\n<p>La presente declaraci\u00f3n fue preparada el 20&nbsp;de octubre de 2024.<\/p>\n<p>El m\u00e9todo empleado para preparar la declaraci\u00f3n ha sido una autoevaluaci\u00f3n llevada a cabo por el propio organismo.<\/p>\n<p><b>OBSERVACIONES Y DATOS DE CONTACTO<\/b><\/p>\n<p>Puede realizar&nbsp;<b>comunicaciones<\/b>&nbsp;sobre requisitos de accesibilidad (art\u00edculo 10.2.a) del RD 1112\/2018) como por ejemplo:<\/p>\n<ul>\n<li aria-level=\"1\">informar sobre cualquier posible&nbsp;<b>incumplimiento<\/b>&nbsp;por parte de este sitio web<\/li>\n<li aria-level=\"1\">transmitir otras&nbsp;<b>dificultades de acceso<\/b>&nbsp;al contenido<\/li>\n<\/ul>\n<p>formular cualquier otra&nbsp;<b>consulta o sugerencia de mejora<\/b>&nbsp;relativa a la accesibilidad del sitio web&nbsp;<b>info@cetservices.org<\/b><\/p>\n<p>o Llamando al tel\u00e9fono&nbsp;(+34)&nbsp;<span style=\"background-color: transparent; color: rgb(27, 27, 27); font-family: &quot;Times New Roman&quot;, serif; font-size: 12pt; font-weight: 700; white-space-collapse: preserve; text-align: var(--text-align); letter-spacing: var( --e-global-typography-text-letter-spacing ); text-transform: var( --e-global-typography-text-text-transform ); word-spacing: var( --e-global-typography-text-word-spacing );\">928622386<\/span><\/p>\n<p>Puede presentar:<\/p>\n<ul>\n<li aria-level=\"1\">una queja relativa al cumplimiento de los requisitos del RD 1112\/2018 o<\/li>\n<li aria-level=\"1\">una Solicitud de Informaci\u00f3n accesible relativa a:\n<ol>\n<li aria-level=\"2\">contenidos que est\u00e1n excluidos del \u00e1mbito de aplicaci\u00f3n del RD 1112\/2018 seg\u00fan lo establecido por el art\u00edculo 3, apartado 4.<\/li>\n<li aria-level=\"2\">contenidos que est\u00e1n exentos del cumplimiento de los requisitos de accesibilidad por imponer una carga desproporcionada.<\/li>\n<\/ol>\n<\/li>\n<\/ul>\n<p>En la Solicitud de informaci\u00f3n accesible, se debe concretar, con toda claridad, los hechos, razones y petici\u00f3n que permitan constatar que se trata de una solicitud razonable y leg\u00edtima.<\/p>\n<p>Las comunicaciones, quejas y solicitudes de informaci\u00f3n accesible ser\u00e1n recibidas y tratadas por&nbsp;<span style=\"background-color: transparent; color: rgb(27, 27, 27); font-family: &quot;Times New Roman&quot;, serif; font-size: 12pt; font-weight: 700; white-space-collapse: preserve; text-align: var(--text-align); letter-spacing: var( --e-global-typography-text-letter-spacing ); text-transform: var( --e-global-typography-text-text-transform ); word-spacing: var( --e-global-typography-text-word-spacing );\">CET Services<\/span><\/p>\n<p><\/p>\n<p><b>PROCEDIMIENTO DE APLICACI\u00d3N<\/b><\/p>\n<p>En caso de no verse atendidas las solicitudes, podr\u00e1 dirigir una comunicaci\u00f3n&nbsp;a&nbsp;<b>info@cetservices.org<\/b>&nbsp;dirigida en atenci\u00f3n a la Direcci\u00f3n de la organizaci\u00f3n.<\/p>\t\t\t\t\t\t<\/div>\n\t\t\t\t<\/div>\n\t\t\t\t\t<\/div>\n\t\t\t\t<\/div>\n\t\t\t\t<\/div>","protected":false},"excerpt":{"rendered":"<p>DECLARACI\u00d3N DE ACCESIBILIDAD CET Services&nbsp;&nbsp;CIF\/ NIF:&nbsp;78489749H, domicilio social en&nbsp;Domicilio social:&nbsp;Apdo de Correos 10012,&nbsp;Las Palmas, Espa\u00f1a&nbsp;se ha&nbsp;comprometido a hacer accesible su [&hellip;]<\/p>","protected":false},"author":3,"featured_media":0,"parent":0,"menu_order":0,"comment_status":"closed","ping_status":"closed","template":"","meta":{"footnotes":""},"class_list":["post-1527","page","type-page","status-publish","hentry"],"_links":{"self":[{"href":"https:\/\/cetesol.org\/en\/wp-json\/wp\/v2\/pages\/1527","targetHints":{"allow":["GET"]}}],"collection":[{"href":"https:\/\/cetesol.org\/en\/wp-json\/wp\/v2\/pages"}],"about":[{"href":"https:\/\/cetesol.org\/en\/wp-json\/wp\/v2\/types\/page"}],"author":[{"embeddable":true,"href":"https:\/\/cetesol.org\/en\/wp-json\/wp\/v2\/users\/3"}],"replies":[{"embeddable":true,"href":"https:\/\/cetesol.org\/en\/wp-json\/wp\/v2\/comments?post=1527"}],"version-history":[{"count":4,"href":"https:\/\/cetesol.org\/en\/wp-json\/wp\/v2\/pages\/1527\/revisions"}],"predecessor-version":[{"id":1542,"href":"https:\/\/cetesol.org\/en\/wp-json\/wp\/v2\/pages\/1527\/revisions\/1542"}],"wp:attachment":[{"href":"https:\/\/cetesol.org\/en\/wp-json\/wp\/v2\/media?parent=1527"}],"curies":[{"name":"wp","href":"https:\/\/api.w.org\/{rel}","templated":true}]}}